{"id":19,"date":"2026-04-23T09:06:24","date_gmt":"2026-04-23T07:06:24","guid":{"rendered":"https:\/\/www.lmsi.hu\/?page_id=19"},"modified":"2026-04-23T09:07:49","modified_gmt":"2026-04-23T07:07:49","slug":"tamogatasi-projekt","status":"publish","type":"page","link":"https:\/\/www.lmsi.hu\/?page_id=19","title":{"rendered":"T\u00e1mogat\u00e1si projekt"},"content":{"rendered":"\n<figure class=\"wp-block-image size-full\"><img loading=\"lazy\" decoding=\"async\" width=\"906\" height=\"185\" src=\"https:\/\/www.lmsi.hu\/wp-content\/uploads\/2026\/04\/image.png\" alt=\"\" class=\"wp-image-20\" srcset=\"https:\/\/www.lmsi.hu\/wp-content\/uploads\/2026\/04\/image.png 906w, https:\/\/www.lmsi.hu\/wp-content\/uploads\/2026\/04\/image-300x61.png 300w, https:\/\/www.lmsi.hu\/wp-content\/uploads\/2026\/04\/image-768x157.png 768w\" sizes=\"auto, (max-width: 906px) 100vw, 906px\" \/><\/figure>\n\n\n\n<p class=\"has-black-color has-text-color has-link-color wp-elements-491308f136d8a2662ffb2720d8458ee5\">GINOP_Plusz-3.2.1-21<\/p>\n\n\n\n<p class=\"has-black-color has-text-color has-link-color wp-elements-23cffd1d29a2befce5fc945a022e4c52\">A munkav\u00e1llal\u00f3k \u00e9s v\u00e1llalatok alkalmazkod\u00f3k\u00e9pess\u00e9g\u00e9nek \u00e9s termel\u00e9kenys\u00e9g\u00e9nek jav\u00edt\u00e1sa a munkaer\u0151 fejleszt\u00e9s\u00e9n kereszt\u00fcl t\u00f6rt\u00e9n\u0151 t\u00e1mogat\u00e1s\u00e1r\u00f3l<\/p>\n\n\n\n<p class=\"has-black-color has-text-color has-link-color wp-elements-dd3517f8ab98e96937d3012e0fdbc235\"><strong>Kedvezm\u00e9nyezett neve<\/strong>: LetMeSolveIt Kft.<\/p>\n\n\n\n<p class=\"has-black-color has-text-color has-link-color wp-elements-dcfceff7312b55e14e9f5e49a149d560\"><strong>K\u00e9pz\u00e9s elnevez\u00e9se:<\/strong> Kommunik\u00e1ci\u00f3s tr\u00e9ning \u00e9s Sz\u00e1m\u00edt\u00e1stechnikai alapismeretek tr\u00e9ning<\/p>\n\n\n\n<p class=\"has-black-color has-text-color has-link-color wp-elements-42768acf90b2552b42a05fe60378cffb\"><strong>Szerz\u0151d\u00f6tt t\u00e1mogat\u00e1s \u00f6sszege: <\/strong>5&nbsp;703&nbsp;747 &nbsp;Ft<\/p>\n\n\n\n<p class=\"has-black-color has-text-color has-link-color wp-elements-ceedacdbf2ce6144fadf56655cea6d9e\"><strong>K\u00e9pz\u00e9s r\u00e9szletes bemutat\u00e1sa<\/strong>: 9 f\u0151 munkav\u00e1llal\u00f3 vesz r\u00e9szt a Kommunik\u00e1ci\u00f3s tr\u00e9ningen \u00e9s a Sz\u00e1m\u00edt\u00e1stechnikai alapismeretek tr\u00e9ningen<\/p>\n\n\n\n<p class=\"has-black-color has-text-color has-link-color wp-elements-3db685c5a1792d1e0819db4ab2724a96\">A Kommunik\u00e1ci\u00f3s tr\u00e9ning c\u00e9lja: A Munkav\u00e1llal\u00f3k szem\u00e9lyes hat\u00e9konys\u00e1g\u00e1nak fejleszt\u00e9se, kommunik\u00e1ci\u00f3s k\u00e9pess\u00e9geinek, k\u00e9szs\u00e9geinek, gazdag\u00edt\u00e1sa, valamint<\/p>\n\n\n\n<p class=\"has-black-color has-text-color has-link-color wp-elements-3e05000843dac67beeee3e008d782613\">kommunik\u00e1ci\u00f3s \u00e9s probl\u00e9mamegold\u00f3 technik\u00e1k elsaj\u00e1t\u00edt\u00e1sa.<\/p>\n\n\n\n<p class=\"has-black-color has-text-color has-link-color wp-elements-9eebc5e3d01105e5abf7efebebc7325e\">A Sz\u00e1m\u00edt\u00e1stechnikai alapismeretek tr\u00e9ning c\u00e9lja: A sz\u00e1m\u00edt\u00e1stechnikai alapismeretek k\u00e9pz\u00e9si program \u00e1tfog\u00f3 c\u00e9lja, a digit\u00e1lis kulcskompetencia fejleszt\u00e9se, a digit\u00e1lis t\u00e1rsadalomhoz val\u00f3 tartoz\u00e1ssal kapcsolatos ig\u00e9nyek megalapoz\u00e1sa, pozit\u00edv attit\u0171d kialak\u00edt\u00e1sa a digit\u00e1lis eszk\u00f6z\u00f6k ir\u00e1ny\u00e1ban.<\/p>\n\n\n\n<p class=\"has-black-color has-text-color has-link-color wp-elements-5af36e612cb7a65c3576afb707e00e63\"><strong>K\u00e9pz\u00e9s id\u0151tartama: <\/strong>2026.01.23. \u2013 2026.10.30.<\/p>\n","protected":false},"excerpt":{"rendered":"<p>GINOP_Plusz-3.2.1-21 A munkav\u00e1llal\u00f3k \u00e9s v\u00e1llalatok alkalmazkod\u00f3k\u00e9pess\u00e9g\u00e9nek \u00e9s termel\u00e9kenys\u00e9g\u00e9nek jav\u00edt\u00e1sa a munkaer\u0151 fejleszt\u00e9s\u00e9n kereszt\u00fcl t\u00f6rt\u00e9n\u0151 t\u00e1mogat\u00e1s\u00e1r\u00f3l Kedvezm\u00e9nyezett neve: LetMeSolveIt Kft. K\u00e9pz\u00e9s<a class=\"read-more\" href=\"https:\/\/www.lmsi.hu\/?page_id=19\">Tov\u00e1bb<\/a><\/p>\n","protected":false},"author":1,"featured_media":0,"parent":0,"menu_order":0,"comment_status":"closed","ping_status":"closed","template":"","meta":{"footnotes":""},"class_list":["post-19","page","type-page","status-publish","hentry"],"aioseo_notices":[],"_links":{"self":[{"href":"https:\/\/www.lmsi.hu\/index.php?rest_route=\/wp\/v2\/pages\/19","targetHints":{"allow":["GET"]}}],"collection":[{"href":"https:\/\/www.lmsi.hu\/index.php?rest_route=\/wp\/v2\/pages"}],"about":[{"href":"https:\/\/www.lmsi.hu\/index.php?rest_route=\/wp\/v2\/types\/page"}],"author":[{"embeddable":true,"href":"https:\/\/www.lmsi.hu\/index.php?rest_route=\/wp\/v2\/users\/1"}],"replies":[{"embeddable":true,"href":"https:\/\/www.lmsi.hu\/index.php?rest_route=%2Fwp%2Fv2%2Fcomments&post=19"}],"version-history":[{"count":3,"href":"https:\/\/www.lmsi.hu\/index.php?rest_route=\/wp\/v2\/pages\/19\/revisions"}],"predecessor-version":[{"id":23,"href":"https:\/\/www.lmsi.hu\/index.php?rest_route=\/wp\/v2\/pages\/19\/revisions\/23"}],"wp:attachment":[{"href":"https:\/\/www.lmsi.hu\/index.php?rest_route=%2Fwp%2Fv2%2Fmedia&parent=19"}],"curies":[{"name":"wp","href":"https:\/\/api.w.org\/{rel}","templated":true}]}}